{"id":1084,"date":"2017-06-18T10:31:53","date_gmt":"2017-06-18T10:31:53","guid":{"rendered":"http:\/\/sieloszemelapis.lt\/?page_id=1084\/"},"modified":"2017-06-18T12:29:27","modified_gmt":"2017-06-18T12:29:27","slug":"paslaugos","status":"publish","type":"page","link":"https:\/\/sieloszemelapis.lt\/ru\/paslaugos\/","title":{"rendered":"\u0423\u0441\u043b\u0443\u0433\u0438"},"content":{"rendered":"","protected":false},"excerpt":{"rendered":"","protected":false},"author":1,"featured_media":0,"parent":0,"menu_order":0,"comment_status":"closed","ping_status":"closed","template":"","meta":{"footnotes":""},"class_list":["post-1084","page","type-page","status-publish","hentry"],"yoast_head":"<!-- This site is optimized with the Yoast SEO plugin v26.2 - https:\/\/yoast.com\/wordpress\/plugins\/seo\/ -->\n<title>\u0423\u0441\u043b\u0443\u0433\u0438 - Sielos \u017eem\u0117lapis<\/title>\n<meta name=\"robots\" content=\"index, follow, max-snippet:-1, max-image-preview:large, max-video-preview:-1\" \/>\n<link rel=\"canonical\" href=\"https:\/\/sieloszemelapis.lt\/ru\/paslaugos\/\" \/>\n<meta property=\"og:locale\" content=\"ru_RU\" \/>\n<meta property=\"og:type\" content=\"article\" \/>\n<meta property=\"og:title\" content=\"\u0423\u0441\u043b\u0443\u0433\u0438 - Sielos \u017eem\u0117lapis\" \/>\n<meta property=\"og:url\" content=\"https:\/\/sieloszemelapis.lt\/ru\/paslaugos\/\" \/>\n<meta property=\"og:site_name\" content=\"Sielos \u017eem\u0117lapis\" \/>\n<meta property=\"article:modified_time\" content=\"2017-06-18T12:29:27+00:00\" \/>\n<meta name=\"twitter:card\" content=\"summary_large_image\" \/>\n<script type=\"application\/ld+json\" class=\"yoast-schema-graph\">{\"@context\":\"https:\/\/schema.org\",\"@graph\":[{\"@type\":\"WebPage\",\"@id\":\"https:\/\/sieloszemelapis.lt\/ru\/paslaugos\/\",\"url\":\"https:\/\/sieloszemelapis.lt\/ru\/paslaugos\/\",\"name\":\"\u0423\u0441\u043b\u0443\u0433\u0438 - Sielos \u017eem\u0117lapis\",\"isPartOf\":{\"@id\":\"https:\/\/sieloszemelapis.lt\/#website\"},\"datePublished\":\"2017-06-18T10:31:53+00:00\",\"dateModified\":\"2017-06-18T12:29:27+00:00\",\"breadcrumb\":{\"@id\":\"https:\/\/sieloszemelapis.lt\/ru\/paslaugos\/#breadcrumb\"},\"inLanguage\":\"ru-RU\",\"potentialAction\":[{\"@type\":\"ReadAction\",\"target\":[\"https:\/\/sieloszemelapis.lt\/ru\/paslaugos\/\"]}]},{\"@type\":\"BreadcrumbList\",\"@id\":\"https:\/\/sieloszemelapis.lt\/ru\/paslaugos\/#breadcrumb\",\"itemListElement\":[{\"@type\":\"ListItem\",\"position\":1,\"name\":\"Home\",\"item\":\"https:\/\/sieloszemelapis.lt\/ru\/\"},{\"@type\":\"ListItem\",\"position\":2,\"name\":\"\u0423\u0441\u043b\u0443\u0433\u0438\"}]},{\"@type\":\"WebSite\",\"@id\":\"https:\/\/sieloszemelapis.lt\/#website\",\"url\":\"https:\/\/sieloszemelapis.lt\/\",\"name\":\"Sielos \u017eem\u0117lapis\",\"description\":\"Psichologin\u0117 pagalba\",\"potentialAction\":[{\"@type\":\"SearchAction\",\"target\":{\"@type\":\"EntryPoint\",\"urlTemplate\":\"https:\/\/sieloszemelapis.lt\/?s={search_term_string}\"},\"query-input\":{\"@type\":\"PropertyValueSpecification\",\"valueRequired\":true,\"valueName\":\"search_term_string\"}}],\"inLanguage\":\"ru-RU\"}]}<\/script>\n<!-- \/ Yoast SEO plugin. -->","yoast_head_json":{"title":"\u0423\u0441\u043b\u0443\u0433\u0438 - Sielos \u017eem\u0117lapis","robots":{"index":"index","follow":"follow","max-snippet":"max-snippet:-1","max-image-preview":"max-image-preview:large","max-video-preview":"max-video-preview:-1"},"canonical":"https:\/\/sieloszemelapis.lt\/ru\/paslaugos\/","og_locale":"ru_RU","og_type":"article","og_title":"\u0423\u0441\u043b\u0443\u0433\u0438 - Sielos \u017eem\u0117lapis","og_url":"https:\/\/sieloszemelapis.lt\/ru\/paslaugos\/","og_site_name":"Sielos \u017eem\u0117lapis","article_modified_time":"2017-06-18T12:29:27+00:00","twitter_card":"summary_large_image","schema":{"@context":"https:\/\/schema.org","@graph":[{"@type":"WebPage","@id":"https:\/\/sieloszemelapis.lt\/ru\/paslaugos\/","url":"https:\/\/sieloszemelapis.lt\/ru\/paslaugos\/","name":"\u0423\u0441\u043b\u0443\u0433\u0438 - Sielos \u017eem\u0117lapis","isPartOf":{"@id":"https:\/\/sieloszemelapis.lt\/#website"},"datePublished":"2017-06-18T10:31:53+00:00","dateModified":"2017-06-18T12:29:27+00:00","breadcrumb":{"@id":"https:\/\/sieloszemelapis.lt\/ru\/paslaugos\/#breadcrumb"},"inLanguage":"ru-RU","potentialAction":[{"@type":"ReadAction","target":["https:\/\/sieloszemelapis.lt\/ru\/paslaugos\/"]}]},{"@type":"BreadcrumbList","@id":"https:\/\/sieloszemelapis.lt\/ru\/paslaugos\/#breadcrumb","itemListElement":[{"@type":"ListItem","position":1,"name":"Home","item":"https:\/\/sieloszemelapis.lt\/ru\/"},{"@type":"ListItem","position":2,"name":"\u0423\u0441\u043b\u0443\u0433\u0438"}]},{"@type":"WebSite","@id":"https:\/\/sieloszemelapis.lt\/#website","url":"https:\/\/sieloszemelapis.lt\/","name":"Sielos \u017eem\u0117lapis","description":"Psichologin\u0117 pagalba","potentialAction":[{"@type":"SearchAction","target":{"@type":"EntryPoint","urlTemplate":"https:\/\/sieloszemelapis.lt\/?s={search_term_string}"},"query-input":{"@type":"PropertyValueSpecification","valueRequired":true,"valueName":"search_term_string"}}],"inLanguage":"ru-RU"}]}},"_links":{"self":[{"href":"https:\/\/sieloszemelapis.lt\/ru\/wp-json\/wp\/v2\/pages\/1084","targetHints":{"allow":["GET"]}}],"collection":[{"href":"https:\/\/sieloszemelapis.lt\/ru\/wp-json\/wp\/v2\/pages"}],"about":[{"href":"https:\/\/sieloszemelapis.lt\/ru\/wp-json\/wp\/v2\/types\/page"}],"author":[{"embeddable":true,"href":"https:\/\/sieloszemelapis.lt\/ru\/wp-json\/wp\/v2\/users\/1"}],"replies":[{"embeddable":true,"href":"https:\/\/sieloszemelapis.lt\/ru\/wp-json\/wp\/v2\/comments?post=1084"}],"version-history":[{"count":1,"href":"https:\/\/sieloszemelapis.lt\/ru\/wp-json\/wp\/v2\/pages\/1084\/revisions"}],"predecessor-version":[{"id":1085,"href":"https:\/\/sieloszemelapis.lt\/ru\/wp-json\/wp\/v2\/pages\/1084\/revisions\/1085"}],"wp:attachment":[{"href":"https:\/\/sieloszemelapis.lt\/ru\/wp-json\/wp\/v2\/media?parent=1084"}],"curies":[{"name":"wp","href":"https:\/\/api.w.org\/{rel}","templated":true}]}}