{"id":1068,"date":"2017-06-18T09:40:41","date_gmt":"2017-06-18T09:40:41","guid":{"rendered":"http:\/\/sieloszemelapis.lt\/?page_id=1068\/"},"modified":"2026-01-29T13:35:44","modified_gmt":"2026-01-29T13:35:44","slug":"psichologas-poroms","status":"publish","type":"page","link":"https:\/\/sieloszemelapis.lt\/ru\/paslaugos\/psichologas-poroms\/","title":{"rendered":"\u041f\u0430\u0440\u043d\u0430\u044f \u0442\u0435\u0440\u0430\u043f\u0438\u044f"},"content":{"rendered":"<div class=\"fusion-fullwidth fullwidth-box fusion-builder-row-1 nonhundred-percent-fullwidth non-hundred-percent-height-scrolling\" style=\"background-color: rgba(255,255,255,0);background-position: center center;background-repeat: no-repeat;padding-top:0px;padding-right:0px;padding-bottom:0px;padding-left:0px;margin-bottom: 0px;margin-top: 0px;border-width: 0px 0px 0px 0px;border-color:#eae9e9;border-style:solid;\" ><div class=\"fusion-builder-row fusion-row\"><div class=\"fusion-layout-column fusion_builder_column fusion-builder-column-0 fusion_builder_column_1_1 1_1 fusion-one-full fusion-column-first fusion-column-last\" style=\"margin-top:0px;margin-bottom:20px;\"><div class=\"fusion-column-wrapper fusion-flex-column-wrapper-legacy\" style=\"background-position:left top;background-repeat:no-repeat;-webkit-background-size:cover;-moz-background-size:cover;-o-background-size:cover;background-size:cover;padding: 0px 0px 0px 0px;\"><div class=\"fusion-sep-clear\"><\/div><div class=\"fusion-separator fusion-full-width-sep\" style=\"margin-left: auto;margin-right: auto;margin-top:50px;width:100%;\"><\/div><div class=\"fusion-sep-clear\"><\/div><style type=\"text\/css\"><\/style><div class=\"fusion-title title fusion-title-1 fusion-sep-none fusion-title-text fusion-title-size-one\" style=\"margin-top:0px;margin-right:0px;margin-bottom:31px;margin-left:0px;\"><h1 class=\"title-heading-left\" style=\"margin:0;\">\u041f\u0410\u0420\u041d\u0410\u042f \u0422\u0415\u0420\u0410\u041f\u0418\u042f<\/h1><\/div><div class=\"fusion-text fusion-text-1\"><p>\u041f\u0430\u0440\u043d\u0430\u044f \u0442\u0435\u0440\u0430\u043f\u0438\u044f \u2013 \u044d\u0442\u043e \u043f\u0441\u0438\u0445\u043e\u043b\u043e\u0433\u0438\u0447\u0435\u0441\u043a\u0430\u044f \u043f\u043e\u043c\u043e\u0449\u044c \u043f\u0430\u0440\u0435, \u0441\u0442\u043e\u043b\u043a\u043d\u0443\u0432\u0448\u0435\u0439\u0441\u044f \u0441 \u0442\u0440\u0443\u0434\u043d\u043e\u0441\u0442\u044f\u043c\u0438 \u0432\u043e \u0432\u0437\u0430\u0438\u043c\u043e\u043e\u0442\u043d\u043e\u0448\u0435\u043d\u0438\u044f\u0445. \u041e\u0442\u043d\u043e\u0448\u0435\u043d\u0438\u044f \u0432 \u043f\u0430\u0440\u0435 \u2013 \u044d\u0442\u043e \u0441\u043b\u043e\u0436\u043d\u044b\u0439, \u043c\u043d\u043e\u0433\u043e\u0433\u0440\u0430\u043d\u043d\u044b\u0439 \u043f\u0440\u043e\u0446\u0435\u0441\u0441, \u0432 \u043a\u043e\u0442\u043e\u0440\u043e\u043c \u0443\u0447\u0430\u0441\u0442\u0432\u0443\u044e\u0442 \u0434\u0432\u0430 \u0447\u0435\u043b\u043e\u0432\u0435\u043a\u0430 \u0441\u043e \u0441\u0432\u043e\u0438\u043c\u0438 \u0445\u0430\u0440\u0430\u043a\u0442\u0435\u0440\u0430\u043c\u0438, \u0432\u0437\u0433\u043b\u044f\u0434\u0430\u043c\u0438 \u043d\u0430 \u0436\u0438\u0437\u043d\u044c, \u0446\u0435\u043d\u043d\u043e\u0441\u0442\u044f\u043c\u0438 \u0438 \u0440\u0430\u0437\u043d\u044b\u043c \u0436\u0438\u0437\u043d\u0435\u043d\u043d\u044b\u043c \u043e\u043f\u044b\u0442\u043e\u043c. \u0421\u043e\u0437\u0434\u0430\u043d\u0438\u0435 \u0438 \u043f\u043e\u0434\u0434\u0435\u0440\u0436\u0438\u0432\u0430\u043d\u0438\u0435 \u043e\u0442\u043d\u043e\u0448\u0435\u043d\u0438\u0439 \u2013 \u043f\u043e\u0441\u0442\u043e\u044f\u043d\u043d\u0430\u044f \u0440\u0430\u0431\u043e\u0442\u0430, \u0442\u0440\u0435\u0431\u0443\u044e\u0449\u0430\u044f \u0432\u043d\u0438\u043c\u0430\u043d\u0438\u044f, \u0432\u0440\u0435\u043c\u0435\u043d\u0438, \u0443\u0441\u0438\u043b\u0438\u0439 \u0438 \u0436\u0435\u043b\u0430\u043d\u0438\u044f. \u041f\u0441\u0438\u0445\u043e\u043b\u043e\u0433 \u043c\u043e\u0436\u0435\u0442 \u043f\u043e\u043c\u043e\u0447\u044c \u043f\u0430\u0440\u0442\u043d\u0435\u0440\u0430\u043c, \u043a\u043e\u0442\u043e\u0440\u044b\u0435 \u043f\u0435\u0440\u0435\u0436\u0438\u0432\u0430\u044e\u0442 \u043a\u0440\u0438\u0437\u0438\u0441 \u043e\u0442\u043d\u043e\u0448\u0435\u043d\u0438\u0439, \u0447\u0443\u0432\u0441\u0442\u0432\u0443\u044e\u0442 \u043e\u0442\u0434\u0430\u043b\u0435\u043d\u0438\u0435, \u0441\u0442\u0430\u043b\u043a\u0438\u0432\u0430\u044e\u0442\u0441\u044f \u0441 \u043d\u0435\u0434\u043e\u0441\u0442\u0430\u0442\u043a\u043e\u043c \u0434\u043e\u0432\u0435\u0440\u0438\u044f \u0438 \u0431\u043b\u0438\u0437\u043e\u0441\u0442\u0438. \u0421\u043f\u0435\u0446\u0438\u0430\u043b\u0438\u0441\u0442 \u043f\u043e\u043c\u043e\u0433\u0430\u0435\u0442 \u0443\u0432\u0438\u0434\u0435\u0442\u044c \u043f\u0440\u0438\u0447\u0438\u043d\u044b \u043d\u0435\u0434\u043e\u043f\u043e\u043d\u0438\u043c\u0430\u043d\u0438\u044f, \u0443\u0447\u0438\u0442\u044c\u0441\u044f \u0440\u0435\u0448\u0430\u0442\u044c \u043a\u043e\u043d\u0444\u043b\u0438\u043a\u0442\u044b \u043d\u043e\u0432\u044b\u043c\u0438 \u0441\u043f\u043e\u0441\u043e\u0431\u0430\u043c\u0438, \u0437\u0430\u043c\u0435\u0447\u0430\u0442\u044c \u0438 \u043c\u0435\u043d\u044f\u0442\u044c \u0441\u043f\u043e\u0441\u043e\u0431\u044b \u0440\u0435\u0430\u0433\u0438\u0440\u043e\u0432\u0430\u043d\u0438\u044f \u0434\u0440\u0443\u0433 \u043d\u0430 \u0434\u0440\u0443\u0433\u0430, \u0440\u0430\u0437\u0440\u0443\u0448\u0430\u044e\u0449\u0438\u0435 \u043e\u0442\u043d\u043e\u0448\u0435\u043d\u0438\u044f, \u043f\u0435\u0440\u0435\u0436\u0438\u0442\u044c \u043f\u0435\u0440\u0438\u043e\u0434\u044b \u0441\u043b\u043e\u0436\u043d\u044b\u0445 \u043f\u0435\u0440\u0435\u043c\u0435\u043d (\u043f\u043e\u0442\u0435\u0440\u044f \u0431\u043b\u0438\u0437\u043a\u0438\u0445, \u0440\u043e\u0436\u0434\u0435\u043d\u0438\u0435 \u0440\u0435\u0431\u0435\u043d\u043a\u0430 \u0438 \u0442.\u0434.), \u0430 \u0442\u0430\u043a\u0436\u0435 \u0441\u043e\u0437\u043d\u0430\u0442\u0435\u043b\u044c\u043d\u043e \u0441\u043e\u0437\u0434\u0430\u0432\u0430\u0442\u044c \u043e\u0442\u043d\u043e\u0448\u0435\u043d\u0438\u044f, \u0432 \u043a\u043e\u0442\u043e\u0440\u044b\u0445 \u0445\u043e\u0440\u043e\u0448\u043e \u043e\u0431\u043e\u0438\u043c.<\/p>\n<p>\u041c\u044b \u0442\u0430\u043a\u0436\u0435 \u043f\u0440\u0435\u0434\u043e\u0441\u0442\u0430\u0432\u043b\u044f\u0435\u043c <em>\u0441\u043f\u0435\u0446\u0438\u0430\u043b\u0438\u0437\u0438\u0440\u043e\u0432\u0430\u043d\u043d\u0443\u044e<\/em> \u043f\u0441\u0438\u0445\u043e\u043b\u043e\u0433\u0438\u0447\u0435\u0441\u043a\u0443\u044e \u043f\u043e\u043c\u043e\u0449\u044c \u0434\u043b\u044f \u043f\u0430\u0440, \u043a\u043e\u0442\u043e\u0440\u044b\u0435:<\/p>\n<ul>\n<li>\u0441\u0442\u0430\u043b\u043a\u0438\u0432\u0430\u044e\u0442\u0441\u044f \u0441 \u0442\u0440\u0443\u0434\u043d\u043e\u0441\u0442\u044f\u043c\u0438 \u0432 \u0432\u043e\u0441\u043f\u0438\u0442\u0430\u043d\u0438\u0438 \u0434\u0435\u0442\u0435\u0439 (<a href=\"http:\/\/sieloszemelapis.lt\/ru\/specialistai\/tatjana-nikitina\/\">\u0422\u0430\u0442\u044c\u044f\u043d\u0430 \u0414\u0440\u0430\u0433\u0430\u043d<\/a>; \u0431\u043e\u043b\u044c\u0448\u0435 \u0438\u043d\u0444\u043e\u0440\u043c\u0430\u0446\u0438\u0438 <a href=\"https:\/\/sieloszemelapis.lt\/ru\/paslaugos\/psichologo-pagalba-mamoms\/\">\u0437\u0434\u0435\u0441\u044c<\/a>);<\/li>\n<li>\u043d\u0435 \u043c\u043e\u0433\u0443\u0442 \u0437\u0430\u0431\u0435\u0440\u0435\u043c\u0435\u043d\u0435\u0442\u044c \u0438 \u0438\u043c\u0435\u0442\u044c \u0434\u0435\u0442\u0435\u0439 (<a href=\"http:\/\/sieloszemelapis.lt\/ru\/specialistai\/anna-vinkovskiene\/\">\u0410\u043d\u043d\u0430 \u0412\u0438\u043d\u043a\u043e\u0432\u0441\u043a\u0435\u043d\u0435<\/a>)<\/li>\n<\/ul>\n<\/div><div class=\"fusion-text fusion-text-2\"><p>\u0421\u0442\u043e\u0438\u043c\u043e\u0441\u0442\u044c\u00a0 \u043f\u0430\u0440\u043d\u043e\u0439 \u043a\u043e\u043d\u0441\u0443\u043b\u044c\u0442\u0430\u0446\u0438\u0438 \u2013<strong> 100 \u0435\u0432\u0440\u043e.\u00a0<\/strong><\/p>\n<\/div><style type=\"text\/css\"><\/style><div class=\"fusion-title title fusion-title-2 fusion-sep-none fusion-title-text fusion-title-size-two\" style=\"margin-top:0px;margin-right:0px;margin-bottom:31px;margin-left:0px;\"><h2 class=\"title-heading-left\" style=\"margin:0;\"><\/h2><\/div><div class=\"fusion-text fusion-text-3\"><p>\u0422\u0435\u043b.: <a href=\"tel:+370 657 47086\">+370 657 470 86<\/a>\u00a0 (<a href=\"http:\/\/sieloszemelapis.lt\/ru\/specialistai\/tatjana-nikitina\/\">Tatjana Nikitina<\/a>)<br \/>\n\u0422\u0435\u043b.:\u00a0<a href=\"tel:+370 612 09466\">+370 612 094 66<\/a>\u00a0 (<a href=\"http:\/\/sieloszemelapis.lt\/ru\/specialistai\/anna-vinkovskiene\/\">Anna Vinkovskien\u0117<\/a>)<\/p>\n<p>\u042d\u043b. \u043f\u043e\u0447\u0442\u0430:\u00a0<a href=\"mailto:info@sieloszemelapis.lt\">info@sieloszemelapis.lt<\/a><\/p>\n<p>\u041c\u044b \u043d\u0435 \u043f\u0440\u0435\u0434\u043e\u0441\u0442\u0430\u0432\u043b\u044f\u0435\u043c\u00a0 \u043a\u043e\u043d\u0441\u0443\u043b\u044c\u0442\u0430\u0446\u0438\u0439 <span style=\"text-decoration: underline;\">\u043f\u043e \u0442\u0435\u043b\u0435\u0444\u043e\u043d\u0443 \u0438\u043b\u0438 \u043f\u0438\u0441\u044c\u043c\u0430\u043c\u0438<\/span>.<\/p>\n<\/div><div class=\"fusion-clearfix\"><\/div><\/div><\/div><\/div><\/div>\n","protected":false},"excerpt":{"rendered":"","protected":false},"author":1,"featured_media":0,"parent":1084,"menu_order":0,"comment_status":"closed","ping_status":"closed","template":"","meta":{"footnotes":""},"class_list":["post-1068","page","type-page","status-publish","hentry"],"yoast_head":"<!-- This site is optimized with the Yoast SEO plugin v26.2 - https:\/\/yoast.com\/wordpress\/plugins\/seo\/ -->\n<title>\u041f\u0430\u0440\u043d\u0430\u044f \u0442\u0435\u0440\u0430\u043f\u0438\u044f - Sielos \u017eem\u0117lapis<\/title>\n<meta name=\"robots\" content=\"index, follow, max-snippet:-1, max-image-preview:large, max-video-preview:-1\" \/>\n<link rel=\"canonical\" href=\"https:\/\/sieloszemelapis.lt\/ru\/paslaugos\/psichologas-poroms\/\" \/>\n<meta property=\"og:locale\" content=\"ru_RU\" \/>\n<meta property=\"og:type\" content=\"article\" \/>\n<meta property=\"og:title\" content=\"\u041f\u0430\u0440\u043d\u0430\u044f \u0442\u0435\u0440\u0430\u043f\u0438\u044f - Sielos \u017eem\u0117lapis\" \/>\n<meta property=\"og:url\" content=\"https:\/\/sieloszemelapis.lt\/ru\/paslaugos\/psichologas-poroms\/\" \/>\n<meta property=\"og:site_name\" content=\"Sielos \u017eem\u0117lapis\" \/>\n<meta property=\"article:modified_time\" content=\"2026-01-29T13:35:44+00:00\" \/>\n<meta name=\"twitter:card\" content=\"summary_large_image\" \/>\n<meta name=\"twitter:label1\" content=\"\u041f\u0440\u0438\u043c\u0435\u0440\u043d\u043e\u0435 \u0432\u0440\u0435\u043c\u044f \u0434\u043b\u044f \u0447\u0442\u0435\u043d\u0438\u044f\" \/>\n\t<meta name=\"twitter:data1\" content=\"3 \u043c\u0438\u043d\u0443\u0442\u044b\" \/>\n<script type=\"application\/ld+json\" class=\"yoast-schema-graph\">{\"@context\":\"https:\/\/schema.org\",\"@graph\":[{\"@type\":\"WebPage\",\"@id\":\"https:\/\/sieloszemelapis.lt\/ru\/paslaugos\/psichologas-poroms\/\",\"url\":\"https:\/\/sieloszemelapis.lt\/ru\/paslaugos\/psichologas-poroms\/\",\"name\":\"\u041f\u0430\u0440\u043d\u0430\u044f \u0442\u0435\u0440\u0430\u043f\u0438\u044f - Sielos \u017eem\u0117lapis\",\"isPartOf\":{\"@id\":\"https:\/\/sieloszemelapis.lt\/#website\"},\"datePublished\":\"2017-06-18T09:40:41+00:00\",\"dateModified\":\"2026-01-29T13:35:44+00:00\",\"breadcrumb\":{\"@id\":\"https:\/\/sieloszemelapis.lt\/ru\/paslaugos\/psichologas-poroms\/#breadcrumb\"},\"inLanguage\":\"ru-RU\",\"potentialAction\":[{\"@type\":\"ReadAction\",\"target\":[\"https:\/\/sieloszemelapis.lt\/ru\/paslaugos\/psichologas-poroms\/\"]}]},{\"@type\":\"BreadcrumbList\",\"@id\":\"https:\/\/sieloszemelapis.lt\/ru\/paslaugos\/psichologas-poroms\/#breadcrumb\",\"itemListElement\":[{\"@type\":\"ListItem\",\"position\":1,\"name\":\"Home\",\"item\":\"https:\/\/sieloszemelapis.lt\/ru\/\"},{\"@type\":\"ListItem\",\"position\":2,\"name\":\"\u0423\u0441\u043b\u0443\u0433\u0438\",\"item\":\"https:\/\/sieloszemelapis.lt\/ru\/paslaugos\/\"},{\"@type\":\"ListItem\",\"position\":3,\"name\":\"\u041f\u0430\u0440\u043d\u0430\u044f \u0442\u0435\u0440\u0430\u043f\u0438\u044f\"}]},{\"@type\":\"WebSite\",\"@id\":\"https:\/\/sieloszemelapis.lt\/#website\",\"url\":\"https:\/\/sieloszemelapis.lt\/\",\"name\":\"Sielos \u017eem\u0117lapis\",\"description\":\"Psichologin\u0117 pagalba\",\"potentialAction\":[{\"@type\":\"SearchAction\",\"target\":{\"@type\":\"EntryPoint\",\"urlTemplate\":\"https:\/\/sieloszemelapis.lt\/?s={search_term_string}\"},\"query-input\":{\"@type\":\"PropertyValueSpecification\",\"valueRequired\":true,\"valueName\":\"search_term_string\"}}],\"inLanguage\":\"ru-RU\"}]}<\/script>\n<!-- \/ Yoast SEO plugin. -->","yoast_head_json":{"title":"\u041f\u0430\u0440\u043d\u0430\u044f \u0442\u0435\u0440\u0430\u043f\u0438\u044f - Sielos \u017eem\u0117lapis","robots":{"index":"index","follow":"follow","max-snippet":"max-snippet:-1","max-image-preview":"max-image-preview:large","max-video-preview":"max-video-preview:-1"},"canonical":"https:\/\/sieloszemelapis.lt\/ru\/paslaugos\/psichologas-poroms\/","og_locale":"ru_RU","og_type":"article","og_title":"\u041f\u0430\u0440\u043d\u0430\u044f \u0442\u0435\u0440\u0430\u043f\u0438\u044f - Sielos \u017eem\u0117lapis","og_url":"https:\/\/sieloszemelapis.lt\/ru\/paslaugos\/psichologas-poroms\/","og_site_name":"Sielos \u017eem\u0117lapis","article_modified_time":"2026-01-29T13:35:44+00:00","twitter_card":"summary_large_image","twitter_misc":{"\u041f\u0440\u0438\u043c\u0435\u0440\u043d\u043e\u0435 \u0432\u0440\u0435\u043c\u044f \u0434\u043b\u044f \u0447\u0442\u0435\u043d\u0438\u044f":"3 \u043c\u0438\u043d\u0443\u0442\u044b"},"schema":{"@context":"https:\/\/schema.org","@graph":[{"@type":"WebPage","@id":"https:\/\/sieloszemelapis.lt\/ru\/paslaugos\/psichologas-poroms\/","url":"https:\/\/sieloszemelapis.lt\/ru\/paslaugos\/psichologas-poroms\/","name":"\u041f\u0430\u0440\u043d\u0430\u044f \u0442\u0435\u0440\u0430\u043f\u0438\u044f - Sielos \u017eem\u0117lapis","isPartOf":{"@id":"https:\/\/sieloszemelapis.lt\/#website"},"datePublished":"2017-06-18T09:40:41+00:00","dateModified":"2026-01-29T13:35:44+00:00","breadcrumb":{"@id":"https:\/\/sieloszemelapis.lt\/ru\/paslaugos\/psichologas-poroms\/#breadcrumb"},"inLanguage":"ru-RU","potentialAction":[{"@type":"ReadAction","target":["https:\/\/sieloszemelapis.lt\/ru\/paslaugos\/psichologas-poroms\/"]}]},{"@type":"BreadcrumbList","@id":"https:\/\/sieloszemelapis.lt\/ru\/paslaugos\/psichologas-poroms\/#breadcrumb","itemListElement":[{"@type":"ListItem","position":1,"name":"Home","item":"https:\/\/sieloszemelapis.lt\/ru\/"},{"@type":"ListItem","position":2,"name":"\u0423\u0441\u043b\u0443\u0433\u0438","item":"https:\/\/sieloszemelapis.lt\/ru\/paslaugos\/"},{"@type":"ListItem","position":3,"name":"\u041f\u0430\u0440\u043d\u0430\u044f \u0442\u0435\u0440\u0430\u043f\u0438\u044f"}]},{"@type":"WebSite","@id":"https:\/\/sieloszemelapis.lt\/#website","url":"https:\/\/sieloszemelapis.lt\/","name":"Sielos \u017eem\u0117lapis","description":"Psichologin\u0117 pagalba","potentialAction":[{"@type":"SearchAction","target":{"@type":"EntryPoint","urlTemplate":"https:\/\/sieloszemelapis.lt\/?s={search_term_string}"},"query-input":{"@type":"PropertyValueSpecification","valueRequired":true,"valueName":"search_term_string"}}],"inLanguage":"ru-RU"}]}},"_links":{"self":[{"href":"https:\/\/sieloszemelapis.lt\/ru\/wp-json\/wp\/v2\/pages\/1068","targetHints":{"allow":["GET"]}}],"collection":[{"href":"https:\/\/sieloszemelapis.lt\/ru\/wp-json\/wp\/v2\/pages"}],"about":[{"href":"https:\/\/sieloszemelapis.lt\/ru\/wp-json\/wp\/v2\/types\/page"}],"author":[{"embeddable":true,"href":"https:\/\/sieloszemelapis.lt\/ru\/wp-json\/wp\/v2\/users\/1"}],"replies":[{"embeddable":true,"href":"https:\/\/sieloszemelapis.lt\/ru\/wp-json\/wp\/v2\/comments?post=1068"}],"version-history":[{"count":18,"href":"https:\/\/sieloszemelapis.lt\/ru\/wp-json\/wp\/v2\/pages\/1068\/revisions"}],"predecessor-version":[{"id":1863,"href":"https:\/\/sieloszemelapis.lt\/ru\/wp-json\/wp\/v2\/pages\/1068\/revisions\/1863"}],"up":[{"embeddable":true,"href":"https:\/\/sieloszemelapis.lt\/ru\/wp-json\/wp\/v2\/pages\/1084"}],"wp:attachment":[{"href":"https:\/\/sieloszemelapis.lt\/ru\/wp-json\/wp\/v2\/media?parent=1068"}],"curies":[{"name":"wp","href":"https:\/\/api.w.org\/{rel}","templated":true}]}}