{"id":1044,"date":"2017-06-18T09:04:18","date_gmt":"2017-06-18T09:04:18","guid":{"rendered":"http:\/\/sieloszemelapis.lt\/?page_id=1044\/"},"modified":"2022-06-24T21:29:14","modified_gmt":"2022-06-24T21:29:14","slug":"anna-vinkovskiene","status":"publish","type":"page","link":"https:\/\/sieloszemelapis.lt\/ru\/specialistai\/anna-vinkovskiene\/","title":{"rendered":"\u0410\u043d\u043d\u0430 \u0412\u0438\u043d\u043a\u043e\u0432\u0441\u043a\u0435\u043d\u0435"},"content":{"rendered":"<div class=\"fusion-fullwidth fullwidth-box fusion-builder-row-1 nonhundred-percent-fullwidth non-hundred-percent-height-scrolling\" style=\"background-color: rgba(255,255,255,0);background-position: center center;background-repeat: no-repeat;padding-top:0px;padding-right:0px;padding-bottom:0px;padding-left:0px;margin-bottom: 0px;margin-top: 0px;border-width: 0px 0px 0px 0px;border-color:#eae9e9;border-style:solid;\" ><div class=\"fusion-builder-row fusion-row\"><div class=\"fusion-layout-column fusion_builder_column fusion-builder-column-0 fusion_builder_column_1_4 1_4 fusion-one-fourth fusion-column-first\" style=\"width:25%;width:calc(25% - ( ( 4% ) * 0.25 ) );margin-right: 4%;margin-top:0px;margin-bottom:20px;\"><div class=\"fusion-column-wrapper fusion-flex-column-wrapper-legacy\" style=\"background-position:left top;background-repeat:no-repeat;-webkit-background-size:cover;-moz-background-size:cover;-o-background-size:cover;background-size:cover;padding: 0px 0px 0px 0px;\"><div class=\"fusion-sep-clear\"><\/div><div class=\"fusion-separator fusion-full-width-sep\" style=\"margin-left: auto;margin-right: auto;margin-top:50px;width:100%;\"><\/div><div class=\"fusion-sep-clear\"><\/div><div class=\"imageframe-align-center\"><span class=\" fusion-imageframe imageframe-none imageframe-1 hover-type-none\" style=\"border-radius:7px;\"><img decoding=\"async\" width=\"251\" height=\"300\" title=\"6b\" src=\"https:\/\/sieloszemelapis.lt\/wp-content\/uploads\/2021\/11\/6b-251x300.jpg\" class=\"img-responsive wp-image-1555\" srcset=\"https:\/\/sieloszemelapis.lt\/wp-content\/uploads\/2021\/11\/6b-200x239.jpg 200w, https:\/\/sieloszemelapis.lt\/wp-content\/uploads\/2021\/11\/6b-400x478.jpg 400w, https:\/\/sieloszemelapis.lt\/wp-content\/uploads\/2021\/11\/6b-600x718.jpg 600w, https:\/\/sieloszemelapis.lt\/wp-content\/uploads\/2021\/11\/6b-800x957.jpg 800w, https:\/\/sieloszemelapis.lt\/wp-content\/uploads\/2021\/11\/6b-1200x1435.jpg 1200w\" sizes=\"(max-width: 1024px) 100vw, 400px\" \/><\/span><\/div><style type=\"text\/css\"><\/style><div class=\"fusion-title title fusion-title-1 fusion-sep-none fusion-title-center fusion-title-text fusion-title-size-three\" style=\"margin-top:0px;margin-right:0px;margin-bottom:10px;margin-left:0px;\"><h3 class=\"title-heading-center\" style=\"margin:0;\"><h4><strong>\u0410\u043d\u043d\u0430 \u0412\u0438\u043d\u043a\u043e\u0432\u0441\u043a\u0435\u043d\u0435<\/strong><\/h4><\/h3><\/div><div class=\"fusion-text fusion-text-1\"><p style=\"text-align: center;\">\u041f\u0441\u0438\u0445\u043e\u043b\u043e\u0433-\u043f\u0441\u0438\u0445\u043e\u0442\u0435\u0440\u0430\u043f\u0435\u0432\u0442<\/p>\n<\/div><div class=\"fusion-text fusion-text-2\"><p style=\"text-align: center;\">\u041a\u043e\u043d\u0441\u0443\u043b\u044c\u0442\u0438\u0440\u0443\u044e \u043f\u043e \u0440\u0430\u0431\u043e\u0447\u0438\u043c \u0434\u043d\u044f\u043c<\/p>\n<p style=\"text-align: center;\">\u0441 10 \u0434\u043e 17 \u0447.<\/p>\n<p style=\"text-align: center;\">\u0421\u0442\u043e\u0438\u043c\u043e\u0441\u0442\u044c \u043a\u043e\u043d\u0441\u0443\u043b\u044c\u0442\u0430\u0446\u0438\u0438 &#8212; <strong>60<\/strong> \u0435\u0432\u0440\u043e<\/p>\n<\/div><div class=\"fusion-text fusion-text-3\"><p style=\"text-align: center;\"><strong>\u0420\u0435\u0433\u0438\u0441\u0442\u0440\u0438\u0440\u0443\u0439\u0442\u0435\u0441\u044c \u043d\u0430 \u043a\u043e\u043d\u0441\u0443\u043b\u044c\u0442\u0430\u0446\u0438\u044e<\/strong><\/p>\n<p style=\"text-align: center;\"><a href=\"\u0422\u0435\u043b.:+370 612 09466\">+370 612 09466<\/a><br \/>\ninfo@sieloszemelapis.lt<\/p>\n<p style=\"text-align: center;\">\u041c\u044b \u043d\u0435 \u043f\u0440\u0435\u0434\u043e\u0441\u0442\u0430\u0432\u043b\u044f\u0435\u043c \u043a\u043e\u043d\u0441\u0443\u043b\u044c\u0442\u0430\u0446\u0438\u0439 \u043f\u043e \u0442\u0435\u043b\u0435\u0444\u043e\u043d\u0443 \u0438\u043b\u0438 \u043f\u0438\u0441\u044c\u043c\u0430\u043c\u0438.<\/p>\n<\/div><div class=\"imageframe-align-center\"><span class=\" fusion-imageframe imageframe-none imageframe-2 hover-type-none\"><img decoding=\"async\" width=\"131\" height=\"81\" title=\"lps\" src=\"http:\/\/sieloszemelapis.lt\/wp-content\/uploads\/2017\/05\/lps.jpg\" class=\"img-responsive wp-image-1657\"\/><\/span><\/div><div class=\"fusion-clearfix\"><\/div><\/div><\/div><div class=\"fusion-layout-column fusion_builder_column fusion-builder-column-1 fusion_builder_column_3_4 3_4 fusion-three-fourth fusion-column-last\" style=\"width:75%;width:calc(75% - ( ( 4% ) * 0.75 ) );margin-top:0px;margin-bottom:20px;\"><div class=\"fusion-column-wrapper fusion-flex-column-wrapper-legacy\" style=\"background-position:left top;background-repeat:no-repeat;-webkit-background-size:cover;-moz-background-size:cover;-o-background-size:cover;background-size:cover;padding: 0px 0px 0px 0px;\"><div class=\"fusion-sep-clear\"><\/div><div class=\"fusion-separator fusion-full-width-sep\" style=\"margin-left: auto;margin-right: auto;margin-top:50px;width:100%;\"><\/div><div class=\"fusion-sep-clear\"><\/div><div class=\"fusion-text fusion-text-4\"><p><u><strong>\u041c\u043e\u0439 \u043f\u043e\u0434\u0445\u043e\u0434<\/strong><\/u><\/p>\n<p>\u041d\u0435\u0440\u0435\u0434\u043a\u043e, \u043b\u044e\u0434\u0438, \u043a\u043e\u0442\u043e\u0440\u044b\u0435 \u043e\u0431\u0440\u0430\u0449\u0430\u044e\u0442\u0441\u044f \u043a \u043f\u0441\u0438\u0445\u043e\u043b\u043e\u0433\u0443 \u0437\u0430 \u043f\u043e\u043c\u043e\u0449\u044c\u044e, \u0437\u0430\u043f\u0443\u0442\u0430\u043b\u0438\u0441\u044c \u0432 \u0441\u0432\u043e\u0438\u0445 \u0436\u0438\u0437\u043d\u0435\u043d\u043d\u044b\u0445 \u0441\u0438\u0442\u0443\u0430\u0446\u0438\u044f\u0445, \u043d\u0435 \u043c\u043e\u0433\u0443\u0442 \u0440\u0430\u0437\u043e\u0431\u0440\u0430\u0442\u044c\u0441\u044f \u0432 \u0441\u0432\u043e\u0438\u0445 \u043c\u044b\u0441\u043b\u044f\u0445 \u0438 \u0447\u0443\u0432\u0441\u0442\u0432\u0430\u0445, \u043d\u0435 \u043c\u043e\u0433\u0443\u0442 \u043f\u0440\u0438\u043d\u044f\u0442\u044c \u0440\u0435\u0448\u0435\u043d\u0438\u0435, \u043d\u0435 \u0437\u043d\u0430\u044e\u0442, \u0447\u0442\u043e \u0434\u0435\u043b\u0430\u0442\u044c. \u042f \u0440\u0430\u0434\u0430 \u043f\u043e\u043c\u043e\u0433\u0430\u0442\u044c \u0441\u0432\u043e\u0438\u043c \u043a\u043b\u0438\u0435\u043d\u0442\u0430\u043c \u0432\u043e\u0437\u0432\u0440\u0430\u0449\u0430\u0442\u044c \u043a\u0440\u0430\u0441\u043a\u0438 \u0432 \u0438\u0445 \u0436\u0438\u0437\u043d\u044c, \u0441\u043c\u0435\u043b\u0435\u0435 \u0441\u043c\u043e\u0442\u0440\u0435\u0442\u044c \u043d\u0430 \u0441\u0435\u0431\u044f \u0438 \u043d\u0430 \u0434\u0440\u0443\u0433\u0438\u0445, \u0442\u0432\u0435\u0440\u0434\u043e \u0448\u0430\u0433\u0430\u0442\u044c \u043f\u043e \u0441\u0432\u043e\u0435\u0439 \u0434\u043e\u0440\u043e\u0433\u0435 \u0436\u0438\u0437\u043d\u0438&#8230;<\/p>\n<\/div><div class=\"fusion-text fusion-text-5\"><p><u><strong>\u041e\u043f\u044b\u0442 \u0440\u0430\u0431\u043e\u0442\u044b:<\/strong><\/u><\/p>\n<p>\u0421 2017 \u0433. \u043f\u0441\u0438\u0445\u043e\u043b\u043e\u0433-\u0432\u043e\u043b\u043e\u043d\u0442\u0435\u0440 \u0432\u00a0\u0414\u0435\u0442\u0441\u043a\u043e\u0439 \u0431\u043e\u043b\u044c\u043d\u0438\u0446\u0435 (\u0444\u0438\u043b\u0438\u0430\u043b \u0433\u043e\u0441\u0443\u0434\u0430\u0440\u0441\u0442\u0432\u0435\u043d\u043d\u043e\u0433\u043e \u0443\u0447\u0440\u0435\u0436\u0434\u0435\u043d\u0438\u044f \u0421\u0430\u043d\u0442\u0430\u0440\u0438\u0448\u043a\u0441\u043a\u0438\u0445 \u043a\u043b\u0438\u043d\u0438\u043a \u0431\u043e\u043b\u044c\u043d\u0438\u0446\u044b \u0412\u0438\u043b\u044c\u043d\u044e\u0441\u0441\u043a\u043e\u0433\u043e \u0443\u043d\u0438\u0432\u0435\u0440\u0441\u0438\u0442\u0435\u0442\u0430) \u0432 \u043e\u0442\u0434\u0435\u043b\u0435\u043d\u0438\u0435 \u0434\u0435\u0442\u0441\u043a\u043e\u0439 \u043e\u043d\u043a\u043e\u0433\u0435\u043c\u0430\u0442\u043e\u043b\u043e\u0433\u0438\u0438<\/p>\n<p>C 2009 \u0433. \u043f\u0441\u0438\u0445\u043e\u043b\u043e\u0433-\u043f\u0441\u0438\u0445\u043e\u0442\u0435\u0440\u0430\u043f\u0435\u0432\u0442, \u043e\u0441\u043d\u043e\u0432\u0430\u0442\u0435\u043b\u044c\u043d\u0438\u0446\u0430 \u0446\u0435\u043d\u0442\u0440\u0430 \u043f\u0441\u0438\u0445\u043e\u043b\u043e\u0433\u0438\u0447\u0435\u0441\u043a\u043e\u0439 \u043f\u043e\u043c\u043e\u0449\u0438 \u00ab\u0421\u0438\u0435\u043b\u043e\u0441 \u0436\u0435\u043c\u0435\u043b\u0430\u043f\u0438\u0441\u00bb (\u041a\u0430\u0440\u0442\u0430 \u0434\u0443\u0448\u0438)<\/p>\n<p>2007 \u0433. &#8212; 2016 \u0433. \u0441\u0442\u0430\u0440\u0448\u0438\u0439 \u043f\u0441\u0438\u0445\u043e\u043b\u043e\u0433, \u043f\u043e\u0437\u0436\u0435 \u043d\u0430\u0447\u0430\u043b\u044c\u043d\u0438\u043a \u043e\u0442\u0434\u0435\u043b\u0435\u043d\u0438\u044f \u043f\u0441\u0438\u0445\u043e\u043b\u043e\u0433\u043e\u0432 \u043a\u043e\u043c\u0438\u0441\u0441\u0430\u0440\u0438\u0430\u0442\u0430 \u043f\u043e\u043b\u0438\u0446\u0438\u0438 \u0412\u0438\u043b\u044c\u043d\u044e\u0441\u0441\u043a\u043e\u0433\u043e \u043e\u043a\u0440\u0443\u0433\u0430<\/p>\n<p>2005 \u0433. &#8212; 2007 \u0433. \u0441\u0442\u0430\u0440\u0448\u0438\u0439 \u043f\u0441\u0438\u0445\u043e\u043b\u043e\u0433 \u0432 \u0426\u0435\u043d\u0442\u0440\u0435 \u0441\u043e\u0446\u0438\u0430\u043b\u044c\u043d\u043e\u0439 \u043f\u043e\u0434\u0434\u0435\u0440\u0436\u043a\u0438 \u043f\u0440\u0438 \u0441\u0430\u043c\u043e\u0443\u043f\u0440\u0430\u0432\u043b\u0435\u043d\u0438\u0438 \u0433\u043e\u0440\u043e\u0434\u0430 \u0412\u0438\u043b\u044c\u043d\u044e\u0441.<\/p>\n<p>2003 \u0433. &#8212; 2006 \u0433., \u0432\u043e\u043b\u043e\u043d\u0442\u0435\u0440 \u0432 \u0426\u0435\u043d\u0442\u0440\u0435 \u043f\u0441\u0438\u0445\u043e\u043b\u043e\u0433\u0438\u0447\u0435\u0441\u043a\u043e\u0439 \u043f\u043e\u043c\u043e\u0449\u0438 \u0434\u043b\u044f \u043c\u043e\u043b\u043e\u0434\u0435\u0436\u0438,\u00a0 \u0432 \u043f\u0440\u043e\u0433\u0440\u0430\u043c\u043c\u0430\u0445 \u00ab\u041c\u043e\u043b\u043e\u0434\u0435\u0436\u043d\u0430\u044f \u043b\u0438\u043d\u0438\u044f\u00bb (\u0442\u0435\u043b\u0435\u0444\u043e\u043d\u043d\u0430\u044f \u043f\u0441\u0438\u0445\u043e\u043b\u043e\u0433\u0438\u0447\u0435\u0441\u043a\u0430\u044f \u043f\u043e\u043c\u043e\u0449\u044c) \u0438 \u00ab\u041f\u0438\u0441\u044c\u043c\u0430 \u0434\u0440\u0443\u0433\u0430\u00bb (\u043f\u0441\u0438\u0445\u043e\u043b\u043e\u0433\u0438\u0447\u0435\u0441\u043a\u0430\u044f \u043f\u043e\u043c\u043e\u0449\u044c \u043f\u043e \u0438\u043d\u0442\u0435\u0440\u043d\u0435\u0442\u0443).<\/p>\n<\/div><div class=\"fusion-text fusion-text-6\"><p><u><strong>\u041a\u0432\u0430\u043b\u0438\u0444\u0438\u043a\u0430\u0446\u0438\u044f:<\/strong><\/u><\/p>\n<p>2008 \u0433.- 2014 \u0433.\u00a0 \u0418\u043d\u0441\u0442\u0438\u0442\u0443\u0442 \u0413\u0443\u043c\u0430\u043d\u0438\u0441\u0442\u0438\u0447\u0435\u0441\u043a\u043e\u0439 \u0438 \u042d\u043a\u0437\u0438\u0441\u0442\u0435\u043d\u0446\u0438\u0430\u043b\u044c\u043d\u043e\u0439 \u043f\u0441\u0438\u0445\u043e\u043b\u043e\u0433\u0438\u0438, \u0434\u0438\u043f\u043b\u043e\u043c \u044d\u043a\u0437\u0438\u0441\u0442\u0435\u043d\u0446\u0438\u0430\u043b\u044c\u043d\u043e\u0433\u043e \u043f\u0441\u0438\u0445\u043e\u0442\u0435\u0440\u0430\u043f\u0435\u0432\u0442\u0430.<\/p>\n<p>2000 \u0433.- 2006 \u0433. \u0412\u0438\u043b\u044c\u043d\u044e\u0441\u0441\u043a\u0438\u0439 \u0443\u043d\u0438\u0432\u0435\u0440\u0441\u0438\u0442\u0435\u0442, \u0424\u0430\u043a\u0443\u043b\u044c\u0442\u0435\u0442 \u0444\u0438\u043b\u043e\u0441\u043e\u0444\u0438\u0438, \u0434\u0438\u043f\u043b\u043e\u043c \u0431\u0430\u043a\u0430\u043b\u0430\u0432\u0440\u0430 \u0438 \u0434\u0438\u043f\u043b\u043e\u043c \u043c\u0430\u0433\u0438\u0441\u0442\u0440\u0430 \u043a\u043b\u0438\u043d\u0438\u0447\u0435\u0441\u043a\u043e\u0439 \u043f\u0441\u0438\u0445\u043e\u043b\u043e\u0433\u0438\u0438<\/p>\n<\/div><div class=\"fusion-text fusion-text-7\"><p><u><strong>\u041f\u0440\u043e\u0439\u0434\u0435\u043d\u043d\u044b\u0435 \u043a\u0443\u0440\u0441\u044b \u043f\u043e\u0432\u044b\u0448\u0435\u043d\u0438\u044f \u043a\u0432\u0430\u043b\u0438\u0444\u0438\u043a\u0430\u0446\u0438\u0438:<\/strong><\/u><\/p>\n<p>1. Mokymai apie vadov\u0173 vertinim\u0105: \u201ePolicijos vadovai: lyderyst\u0117 \u012fkv\u0117pta i\u0161minties\u201c (\u201ePolice Commissioners: Leadership Aspires Wisdom\u201c), 56 val., 2016 10 03-04, 2016 10 07-11, Vilnius. Mokymus ved\u0117 Piet de Brouwer, Belgija.<br \/>\n2. Prof. E. Spinelli seminaras \u201ePamatiniai egzistencin\u0117s terapijos principai\u201c (\u201eBasic Principles of Existential Therapy\u201c), 16 val., 2016 09 03-04, Bir\u0161tonas<br \/>\n3. ASIST mokymai (Applied Suicide Intervention Skills Training) (Savi\u017eudyb\u0117s intervencijos modelis). 16 val. 2016 06 21-22. Tarptautiniai d\u0117stytojai i\u0161 LivingWorks organizacijos.<br \/>\n4. \u201e\u012e sprendimus sutelktos trumpalaik\u0117s terapijos taikymo galimyb\u0117s statutin\u0117je organizacijoje\u201c, 8 ak.val. 2015 12 15. Seminar\u0105 ved\u0117: Viktorija \u010cepukien\u0117, Rytis Pakrosnis.<br \/>\n5. \u201eVadovavimo psichologija\u201c, 6 ak.val., \u017dini\u0173 centras, 2015 07 10<br \/>\n6. \u201eSomatinis traumos aspektas: Kaip psichologin\u0117 trauma apsigyvena k\u016bne?\u201c, 12 ak. val., \u017dmogaus psichologijos studija, 2015 02 13-14<br \/>\n7. Praktinis meno terapijos seminaras \u201eSau ir klientams\u201c, 27 ak. val., Seminar\u0105 ved\u0117 Dr. Kristina Ona Polukordien\u0117, 2014 07 31 \u2013 08 02<br \/>\n8. \u201eMotyvuojanti ir pozityvi darbo vieta\u201c, 8 ak. val., Lietuvos policijos mokykla, 2013 12 11<br \/>\n9. \u201eVidini\u0173 d\u0117stytoj\u0173 rengimas\u201c, 32 ak. val., \u201eOVC mokymai\u201c, 2013 06 18-21<br \/>\n10. \u201ePriklausomybi\u0173 psichoterapija, naudojant kognityvines ir elgesio intervencijas\u201c, 10 ak. val., Lietuvos sveikatos moksl\u0173 universitetas., 2013 03 02<\/p>\n<\/div><div class=\"fusion-clearfix\"><\/div><\/div><\/div><\/div><\/div>\n","protected":false},"excerpt":{"rendered":"","protected":false},"author":1,"featured_media":0,"parent":1042,"menu_order":0,"comment_status":"closed","ping_status":"closed","template":"","meta":{"footnotes":""},"class_list":["post-1044","page","type-page","status-publish","hentry"],"yoast_head":"<!-- This site is optimized with the Yoast SEO plugin v26.2 - https:\/\/yoast.com\/wordpress\/plugins\/seo\/ -->\n<title>\u0410\u043d\u043d\u0430 \u0412\u0438\u043d\u043a\u043e\u0432\u0441\u043a\u0435\u043d\u0435 - Sielos \u017eem\u0117lapis<\/title>\n<meta name=\"robots\" content=\"index, follow, max-snippet:-1, max-image-preview:large, max-video-preview:-1\" \/>\n<link rel=\"canonical\" href=\"https:\/\/sieloszemelapis.lt\/ru\/specialistai\/anna-vinkovskiene\/\" \/>\n<meta property=\"og:locale\" content=\"ru_RU\" \/>\n<meta property=\"og:type\" content=\"article\" \/>\n<meta property=\"og:title\" content=\"\u0410\u043d\u043d\u0430 \u0412\u0438\u043d\u043a\u043e\u0432\u0441\u043a\u0435\u043d\u0435 - Sielos \u017eem\u0117lapis\" \/>\n<meta property=\"og:url\" content=\"https:\/\/sieloszemelapis.lt\/ru\/specialistai\/anna-vinkovskiene\/\" \/>\n<meta property=\"og:site_name\" content=\"Sielos \u017eem\u0117lapis\" \/>\n<meta property=\"article:modified_time\" content=\"2022-06-24T21:29:14+00:00\" \/>\n<meta name=\"twitter:card\" content=\"summary_large_image\" \/>\n<meta name=\"twitter:label1\" content=\"\u041f\u0440\u0438\u043c\u0435\u0440\u043d\u043e\u0435 \u0432\u0440\u0435\u043c\u044f \u0434\u043b\u044f \u0447\u0442\u0435\u043d\u0438\u044f\" \/>\n\t<meta name=\"twitter:data1\" content=\"3 \u043c\u0438\u043d\u0443\u0442\u044b\" \/>\n<script type=\"application\/ld+json\" class=\"yoast-schema-graph\">{\"@context\":\"https:\/\/schema.org\",\"@graph\":[{\"@type\":\"WebPage\",\"@id\":\"https:\/\/sieloszemelapis.lt\/ru\/specialistai\/anna-vinkovskiene\/\",\"url\":\"https:\/\/sieloszemelapis.lt\/ru\/specialistai\/anna-vinkovskiene\/\",\"name\":\"\u0410\u043d\u043d\u0430 \u0412\u0438\u043d\u043a\u043e\u0432\u0441\u043a\u0435\u043d\u0435 - Sielos \u017eem\u0117lapis\",\"isPartOf\":{\"@id\":\"https:\/\/sieloszemelapis.lt\/#website\"},\"datePublished\":\"2017-06-18T09:04:18+00:00\",\"dateModified\":\"2022-06-24T21:29:14+00:00\",\"breadcrumb\":{\"@id\":\"https:\/\/sieloszemelapis.lt\/ru\/specialistai\/anna-vinkovskiene\/#breadcrumb\"},\"inLanguage\":\"ru-RU\",\"potentialAction\":[{\"@type\":\"ReadAction\",\"target\":[\"https:\/\/sieloszemelapis.lt\/ru\/specialistai\/anna-vinkovskiene\/\"]}]},{\"@type\":\"BreadcrumbList\",\"@id\":\"https:\/\/sieloszemelapis.lt\/ru\/specialistai\/anna-vinkovskiene\/#breadcrumb\",\"itemListElement\":[{\"@type\":\"ListItem\",\"position\":1,\"name\":\"Home\",\"item\":\"https:\/\/sieloszemelapis.lt\/ru\/\"},{\"@type\":\"ListItem\",\"position\":2,\"name\":\"\u0421\u043f\u0435\u0446\u0438\u0430\u043b\u0438\u0441\u0442\u044b\",\"item\":\"https:\/\/sieloszemelapis.lt\/ru\/specialistai\/\"},{\"@type\":\"ListItem\",\"position\":3,\"name\":\"\u0410\u043d\u043d\u0430 \u0412\u0438\u043d\u043a\u043e\u0432\u0441\u043a\u0435\u043d\u0435\"}]},{\"@type\":\"WebSite\",\"@id\":\"https:\/\/sieloszemelapis.lt\/#website\",\"url\":\"https:\/\/sieloszemelapis.lt\/\",\"name\":\"Sielos \u017eem\u0117lapis\",\"description\":\"Psichologin\u0117 pagalba\",\"potentialAction\":[{\"@type\":\"SearchAction\",\"target\":{\"@type\":\"EntryPoint\",\"urlTemplate\":\"https:\/\/sieloszemelapis.lt\/?s={search_term_string}\"},\"query-input\":{\"@type\":\"PropertyValueSpecification\",\"valueRequired\":true,\"valueName\":\"search_term_string\"}}],\"inLanguage\":\"ru-RU\"}]}<\/script>\n<!-- \/ Yoast SEO plugin. -->","yoast_head_json":{"title":"\u0410\u043d\u043d\u0430 \u0412\u0438\u043d\u043a\u043e\u0432\u0441\u043a\u0435\u043d\u0435 - Sielos \u017eem\u0117lapis","robots":{"index":"index","follow":"follow","max-snippet":"max-snippet:-1","max-image-preview":"max-image-preview:large","max-video-preview":"max-video-preview:-1"},"canonical":"https:\/\/sieloszemelapis.lt\/ru\/specialistai\/anna-vinkovskiene\/","og_locale":"ru_RU","og_type":"article","og_title":"\u0410\u043d\u043d\u0430 \u0412\u0438\u043d\u043a\u043e\u0432\u0441\u043a\u0435\u043d\u0435 - Sielos \u017eem\u0117lapis","og_url":"https:\/\/sieloszemelapis.lt\/ru\/specialistai\/anna-vinkovskiene\/","og_site_name":"Sielos \u017eem\u0117lapis","article_modified_time":"2022-06-24T21:29:14+00:00","twitter_card":"summary_large_image","twitter_misc":{"\u041f\u0440\u0438\u043c\u0435\u0440\u043d\u043e\u0435 \u0432\u0440\u0435\u043c\u044f \u0434\u043b\u044f \u0447\u0442\u0435\u043d\u0438\u044f":"3 \u043c\u0438\u043d\u0443\u0442\u044b"},"schema":{"@context":"https:\/\/schema.org","@graph":[{"@type":"WebPage","@id":"https:\/\/sieloszemelapis.lt\/ru\/specialistai\/anna-vinkovskiene\/","url":"https:\/\/sieloszemelapis.lt\/ru\/specialistai\/anna-vinkovskiene\/","name":"\u0410\u043d\u043d\u0430 \u0412\u0438\u043d\u043a\u043e\u0432\u0441\u043a\u0435\u043d\u0435 - Sielos \u017eem\u0117lapis","isPartOf":{"@id":"https:\/\/sieloszemelapis.lt\/#website"},"datePublished":"2017-06-18T09:04:18+00:00","dateModified":"2022-06-24T21:29:14+00:00","breadcrumb":{"@id":"https:\/\/sieloszemelapis.lt\/ru\/specialistai\/anna-vinkovskiene\/#breadcrumb"},"inLanguage":"ru-RU","potentialAction":[{"@type":"ReadAction","target":["https:\/\/sieloszemelapis.lt\/ru\/specialistai\/anna-vinkovskiene\/"]}]},{"@type":"BreadcrumbList","@id":"https:\/\/sieloszemelapis.lt\/ru\/specialistai\/anna-vinkovskiene\/#breadcrumb","itemListElement":[{"@type":"ListItem","position":1,"name":"Home","item":"https:\/\/sieloszemelapis.lt\/ru\/"},{"@type":"ListItem","position":2,"name":"\u0421\u043f\u0435\u0446\u0438\u0430\u043b\u0438\u0441\u0442\u044b","item":"https:\/\/sieloszemelapis.lt\/ru\/specialistai\/"},{"@type":"ListItem","position":3,"name":"\u0410\u043d\u043d\u0430 \u0412\u0438\u043d\u043a\u043e\u0432\u0441\u043a\u0435\u043d\u0435"}]},{"@type":"WebSite","@id":"https:\/\/sieloszemelapis.lt\/#website","url":"https:\/\/sieloszemelapis.lt\/","name":"Sielos \u017eem\u0117lapis","description":"Psichologin\u0117 pagalba","potentialAction":[{"@type":"SearchAction","target":{"@type":"EntryPoint","urlTemplate":"https:\/\/sieloszemelapis.lt\/?s={search_term_string}"},"query-input":{"@type":"PropertyValueSpecification","valueRequired":true,"valueName":"search_term_string"}}],"inLanguage":"ru-RU"}]}},"_links":{"self":[{"href":"https:\/\/sieloszemelapis.lt\/ru\/wp-json\/wp\/v2\/pages\/1044","targetHints":{"allow":["GET"]}}],"collection":[{"href":"https:\/\/sieloszemelapis.lt\/ru\/wp-json\/wp\/v2\/pages"}],"about":[{"href":"https:\/\/sieloszemelapis.lt\/ru\/wp-json\/wp\/v2\/types\/page"}],"author":[{"embeddable":true,"href":"https:\/\/sieloszemelapis.lt\/ru\/wp-json\/wp\/v2\/users\/1"}],"replies":[{"embeddable":true,"href":"https:\/\/sieloszemelapis.lt\/ru\/wp-json\/wp\/v2\/comments?post=1044"}],"version-history":[{"count":12,"href":"https:\/\/sieloszemelapis.lt\/ru\/wp-json\/wp\/v2\/pages\/1044\/revisions"}],"predecessor-version":[{"id":1666,"href":"https:\/\/sieloszemelapis.lt\/ru\/wp-json\/wp\/v2\/pages\/1044\/revisions\/1666"}],"up":[{"embeddable":true,"href":"https:\/\/sieloszemelapis.lt\/ru\/wp-json\/wp\/v2\/pages\/1042"}],"wp:attachment":[{"href":"https:\/\/sieloszemelapis.lt\/ru\/wp-json\/wp\/v2\/media?parent=1044"}],"curies":[{"name":"wp","href":"https:\/\/api.w.org\/{rel}","templated":true}]}}